{"id":474,"date":"2018-01-29T13:41:47","date_gmt":"2018-01-29T12:41:47","guid":{"rendered":"https:\/\/www.villa-itsasondoa.com\/alquiler-de-una-villa-en-bidart\/"},"modified":"2025-12-28T20:01:34","modified_gmt":"2025-12-28T19:01:34","slug":"alquiler-de-una-villa-en-bidart","status":"publish","type":"page","link":"https:\/\/www.villa-itsasondoa.com\/es\/alquiler-de-una-villa-en-bidart\/","title":{"rendered":"Alquiler de una villa en Bidart"},"content":{"rendered":"<p>[vc_row el_class=\u00bbwrap\u00bb][vc_column][vc_raw_html]JTNDZGl2JTIwY2xhc3MlM0QlMjJidG4tcmVzYSUyMiUzRSUzQ2RpdiUyMGlkJTNEJTIyQ29uc3RlbGxhdGlvbkJ1dHRvbkNvbnRhaW5lcjYxMDM2N2Y4LTQ4YjMtNGE0OS1iMGQzLWZhZmE3ODU1ZGU0MyUyMiUyMHN0eWxlJTNEJTIyd2lkdGglM0ExMDAlMjUlM0IlMjB0ZXh0LWFsaWduJTNBY2VudGVyJTNCJTIyJTIwdGl0bGUlM0QlMjJWaWxsYSUyMEl0c2FzJTIwT25kb2ElMjAlMjIlMjBkYXRhLWlkLXByb2pldCUzRCUyNzYxMDM2N2Y4NDhiMzRhNDliMGQzZmFmYTc4NTVkZTQzJTI3JTNFQ2FyZ2FuZG8uLi4lM0MlMkZkaXYlM0UlMjAlM0NzY3JpcHQlMjB0eXBlJTNEJTIydGV4dCUyRmphdmFzY3JpcHQlMjIlMjBzcmMlM0QlMjJodHRwcyUzQSUyRiUyRnJlc2VydmF0aW9uLmVsbG9oYS5jb20lMkZTY3JpcHRzJTJGd2lkZ2V0LWxvYWRlci5taW4uanMlM0Z2JTNEMzklMjIlM0UlM0MlMkZzY3JpcHQlM0UlMjAlM0NzY3JpcHQlMjB0eXBlJTNEJTIydGV4dCUyRmphdmFzY3JpcHQlMjIlM0V2YXIlMjBjb25zdGVsbGF0aW9uV2lkZ2V0VXJsNjEwMzY3Zjg0OGIzNGE0OWIwZDNmYWZhNzg1NWRlNDMlMkMlMjBjb25zdGVsbGF0aW9uVHlwZU1vZHVsZTYxMDM2N2Y4NDhiMzRhNDliMGQzZmFmYTc4NTVkZTQzJTNCJTIwY29uc3RlbGxhdGlvbldpZGdldFVybDYxMDM2N2Y4NDhiMzRhNDliMGQzZmFmYTc4NTVkZTQzJTIwJTNEJTIwJTI3aHR0cHMlM0ElMkYlMkZyZXNlcnZhdGlvbi5lbGxvaGEuY29tJTJGV2lkZ2V0JTJGQm9va2luZ0J1dHRvbiUyRjYxMDM2N2Y4LTQ4YjMtNGE0OS1iMGQzLWZhZmE3ODU1ZGU0MyUzRmlkb2klM0QyYmJhMTg5Yy1jNTAxLTQ1ZjgtODkwOS03NzNmNDcxYWY5M2MlMjZjdWx0dXJlJTNEZXMtRVMlMjclM0IlMjBjb25zdGVsbGF0aW9uVHlwZU1vZHVsZTYxMDM2N2Y4NDhiMzRhNDliMGQzZmFmYTc4NTVkZTQzJTNEMyUzQiUyMGNvbnN0ZWxsYXRpb25Cb29raW5nQnV0dG9uTG9hZCUyOCUyN0NvbnN0ZWxsYXRpb25CdXR0b25Db250YWluZXI2MTAzNjdmOC00OGIzLTRhNDktYjBkMy1mYWZhNzg1NWRlNDMlMjclMjklM0IlM0MlMkZzY3JpcHQlM0UlMEElM0MlMkZkaXYlM0U=[\/vc_raw_html][vc_row_inner][vc_column_inner width=\u00bb1\/2&#8243;][vc_column_text]<div id=\"metaslider-id-290\" style=\"max-width: 555px;\" class=\"ml-slider-3-28-3 metaslider metaslider-flex metaslider-290 ml-slider nav-hidden\">\n    <div id=\"metaslider_container_290\">\n        <div id=\"metaslider_290\">\n            <ul aria-live=\"polite\" class=\"slides\">\n                <li style=\"display: block; width: 100%;\" class=\"slide-164 ms-image\"><img width=\"639\" height=\"426\" src=\"https:\/\/www.villa-itsasondoa.com\/wp-content\/uploads\/2016\/09\/appartement-a-louer-bidart.jpg\" class=\"slider-290 slide-164\" alt=\"appart-a-louer-piscine-jardin\" loading=\"lazy\" rel=\"\" title=\"\" srcset=\"https:\/\/www.villa-itsasondoa.com\/wp-content\/uploads\/2016\/09\/appartement-a-louer-bidart.jpg 639w, https:\/\/www.villa-itsasondoa.com\/wp-content\/uploads\/2016\/09\/appartement-a-louer-bidart-300x200.jpg 300w\" sizes=\"(max-width: 639px) 100vw, 639px\" \/><\/li>\n                <li style=\"display: none; width: 100%;\" class=\"slide-165 ms-image\"><img width=\"639\" height=\"426\" src=\"https:\/\/www.villa-itsasondoa.com\/wp-content\/uploads\/2016\/09\/bidart-location.jpg\" class=\"slider-290 slide-165\" alt=\"maison-centre-bidart-endroit-calme\" loading=\"lazy\" rel=\"\" title=\"\" srcset=\"https:\/\/www.villa-itsasondoa.com\/wp-content\/uploads\/2016\/09\/bidart-location.jpg 639w, https:\/\/www.villa-itsasondoa.com\/wp-content\/uploads\/2016\/09\/bidart-location-300x200.jpg 300w\" sizes=\"(max-width: 639px) 100vw, 639px\" \/><\/li>\n                <li style=\"display: none; width: 100%;\" class=\"slide-166 ms-image\"><img width=\"639\" height=\"426\" src=\"https:\/\/www.villa-itsasondoa.com\/wp-content\/uploads\/2016\/09\/location-bidart-maison.jpg\" class=\"slider-290 slide-166\" alt=\"location-bidart-maison-plage-vacances \u00e9t\u00e9\" loading=\"lazy\" rel=\"\" title=\"\" srcset=\"https:\/\/www.villa-itsasondoa.com\/wp-content\/uploads\/2016\/09\/location-bidart-maison.jpg 639w, https:\/\/www.villa-itsasondoa.com\/wp-content\/uploads\/2016\/09\/location-bidart-maison-300x200.jpg 300w\" sizes=\"(max-width: 639px) 100vw, 639px\" \/><\/li>\n                <li style=\"display: none; width: 100%;\" class=\"slide-167 ms-image\"><img width=\"639\" height=\"426\" src=\"https:\/\/www.villa-itsasondoa.com\/wp-content\/uploads\/2016\/09\/location-a-bidart.jpg\" class=\"slider-290 slide-167\" alt=\"maison-a-louer-proche-d-anglet\" loading=\"lazy\" rel=\"\" title=\"\" srcset=\"https:\/\/www.villa-itsasondoa.com\/wp-content\/uploads\/2016\/09\/location-a-bidart.jpg 639w, https:\/\/www.villa-itsasondoa.com\/wp-content\/uploads\/2016\/09\/location-a-bidart-300x200.jpg 300w\" sizes=\"(max-width: 639px) 100vw, 639px\" \/><\/li>\n                <li style=\"display: none; width: 100%;\" class=\"slide-168 ms-image\"><img width=\"639\" height=\"426\" src=\"https:\/\/www.villa-itsasondoa.com\/wp-content\/uploads\/2016\/09\/location-appartement-bidart.jpg\" class=\"slider-290 slide-168\" alt=\"biarritz-villa-a-louer-avec-piscine\" loading=\"lazy\" rel=\"\" title=\"\" srcset=\"https:\/\/www.villa-itsasondoa.com\/wp-content\/uploads\/2016\/09\/location-appartement-bidart.jpg 639w, https:\/\/www.villa-itsasondoa.com\/wp-content\/uploads\/2016\/09\/location-appartement-bidart-300x200.jpg 300w\" sizes=\"(max-width: 639px) 100vw, 639px\" \/><\/li>\n                <li style=\"display: none; width: 100%;\" class=\"slide-169 ms-image\"><img width=\"639\" height=\"426\" src=\"https:\/\/www.villa-itsasondoa.com\/wp-content\/uploads\/2016\/09\/location-bidart-particulier.jpg\" class=\"slider-290 slide-169\" alt=\"biarritz-appart-a-louer-gayfriendly\" loading=\"lazy\" rel=\"\" title=\"\" srcset=\"https:\/\/www.villa-itsasondoa.com\/wp-content\/uploads\/2016\/09\/location-bidart-particulier.jpg 639w, https:\/\/www.villa-itsasondoa.com\/wp-content\/uploads\/2016\/09\/location-bidart-particulier-300x200.jpg 300w\" sizes=\"(max-width: 639px) 100vw, 639px\" \/><\/li>\n                <li style=\"display: none; width: 100%;\" class=\"slide-170 ms-image\"><img width=\"639\" height=\"426\" src=\"https:\/\/www.villa-itsasondoa.com\/wp-content\/uploads\/2016\/09\/location-bidart.jpg\" class=\"slider-290 slide-170\" alt=\"location-sud ouest-parking-facile\" loading=\"lazy\" rel=\"\" title=\"\" srcset=\"https:\/\/www.villa-itsasondoa.com\/wp-content\/uploads\/2016\/09\/location-bidart.jpg 639w, https:\/\/www.villa-itsasondoa.com\/wp-content\/uploads\/2016\/09\/location-bidart-300x200.jpg 300w\" sizes=\"(max-width: 639px) 100vw, 639px\" \/><\/li>\n                <li style=\"display: none; width: 100%;\" class=\"slide-171 ms-image\"><img width=\"639\" height=\"426\" src=\"https:\/\/www.villa-itsasondoa.com\/wp-content\/uploads\/2016\/09\/location-maison-bidart-avec-piscine.jpg\" class=\"slider-290 slide-171\" alt=\"appart-a-louer-proche-guethary\" loading=\"lazy\" rel=\"\" title=\"\" srcset=\"https:\/\/www.villa-itsasondoa.com\/wp-content\/uploads\/2016\/09\/location-maison-bidart-avec-piscine.jpg 639w, https:\/\/www.villa-itsasondoa.com\/wp-content\/uploads\/2016\/09\/location-maison-bidart-avec-piscine-300x200.jpg 300w\" sizes=\"(max-width: 639px) 100vw, 639px\" \/><\/li>\n                <li style=\"display: none; width: 100%;\" class=\"slide-172 ms-image\"><img width=\"639\" height=\"426\" src=\"https:\/\/www.villa-itsasondoa.com\/wp-content\/uploads\/2016\/09\/location-maison-bidart.jpg\" class=\"slider-290 slide-172\" alt=\"villa-a-louer-proche-de-bayonne\" loading=\"lazy\" rel=\"\" title=\"\" srcset=\"https:\/\/www.villa-itsasondoa.com\/wp-content\/uploads\/2016\/09\/location-maison-bidart.jpg 639w, https:\/\/www.villa-itsasondoa.com\/wp-content\/uploads\/2016\/09\/location-maison-bidart-300x200.jpg 300w\" sizes=\"(max-width: 639px) 100vw, 639px\" \/><\/li>\n                <li style=\"display: none; width: 100%;\" class=\"slide-174 ms-image\"><img width=\"639\" height=\"426\" src=\"https:\/\/www.villa-itsasondoa.com\/wp-content\/uploads\/2016\/09\/location-vacances-bidart-pays-basque.jpg\" class=\"slider-290 slide-174\" alt=\"appartement-a-louer-fetes-de-bayonne\" loading=\"lazy\" rel=\"\" title=\"\" srcset=\"https:\/\/www.villa-itsasondoa.com\/wp-content\/uploads\/2016\/09\/location-vacances-bidart-pays-basque.jpg 639w, https:\/\/www.villa-itsasondoa.com\/wp-content\/uploads\/2016\/09\/location-vacances-bidart-pays-basque-300x200.jpg 300w\" sizes=\"(max-width: 639px) 100vw, 639px\" \/><\/li>\n                <li style=\"display: none; width: 100%;\" class=\"slide-175 ms-image\"><img width=\"639\" height=\"426\" src=\"https:\/\/www.villa-itsasondoa.com\/wp-content\/uploads\/2016\/09\/location-vacances-bidart.jpg\" class=\"slider-290 slide-175\" alt=\"location-maison-ocean\" loading=\"lazy\" rel=\"\" title=\"\" srcset=\"https:\/\/www.villa-itsasondoa.com\/wp-content\/uploads\/2016\/09\/location-vacances-bidart.jpg 639w, https:\/\/www.villa-itsasondoa.com\/wp-content\/uploads\/2016\/09\/location-vacances-bidart-300x200.jpg 300w\" sizes=\"(max-width: 639px) 100vw, 639px\" \/><\/li>\n                <li style=\"display: none; width: 100%;\" class=\"slide-176 ms-image\"><img width=\"639\" height=\"426\" src=\"https:\/\/www.villa-itsasondoa.com\/wp-content\/uploads\/2016\/09\/location-villa-bidart.jpg\" class=\"slider-290 slide-176\" alt=\"location-bord-de-mer\" loading=\"lazy\" rel=\"\" title=\"\" srcset=\"https:\/\/www.villa-itsasondoa.com\/wp-content\/uploads\/2016\/09\/location-villa-bidart.jpg 639w, https:\/\/www.villa-itsasondoa.com\/wp-content\/uploads\/2016\/09\/location-villa-bidart-300x200.jpg 300w\" sizes=\"(max-width: 639px) 100vw, 639px\" \/><\/li>\n                <li style=\"display: none; width: 100%;\" class=\"slide-177 ms-image\"><img width=\"639\" height=\"426\" src=\"https:\/\/www.villa-itsasondoa.com\/wp-content\/uploads\/2016\/09\/locations-bidart.jpg\" class=\"slider-290 slide-177\" alt=\"location-maison-biarritz-avec-pisicne-ete-2018\" loading=\"lazy\" rel=\"\" title=\"\" srcset=\"https:\/\/www.villa-itsasondoa.com\/wp-content\/uploads\/2016\/09\/locations-bidart.jpg 639w, https:\/\/www.villa-itsasondoa.com\/wp-content\/uploads\/2016\/09\/locations-bidart-300x200.jpg 300w\" sizes=\"(max-width: 639px) 100vw, 639px\" \/><\/li>\n            <\/ul>\n        <\/div>\n        \n    <\/div>\n<\/div>[\/vc_column_text][\/vc_column_inner][vc_column_inner width=\u00bb1\/2&#8243;][vc_column_text]La casa, ITSAS ONDOA, cerca del mar y de la costa vasca, en el centro de un pueblo t\u00edpico vasco, entre Saint Jean de Luz y Biarritz, tiene una situaci\u00f3n ideal para practicar numerosas actividades y pasar unas vacaciones de ensue\u00f1o.<\/p>\n<p>Pod\u00e9is dejar el coche aparcado e ir andando a los comercios de las inmediaciones: tienda de comestibles, panader\u00eda, quiosco, oficina de turismo, correos, farmacia, restaurantes y sobre todo, las diferentes playas de Bidart.<\/p>\n<p>Durante todo el a\u00f1o se celebra el mercado semanal del s\u00e1bado por la ma\u00f1ana, el mercado nocturno en julio y agosto y las actividades estivales (partidos de pelota o gala de fuerza vasca) y se pueden consultar en la p\u00e1gina web de la oficina de turismo.<\/p>\n<p>Si os gusta el rugby, pod\u00e9is consultar la agenda de los partidos del Aviron Bayonnais o del Biarritz Olympique.<\/p>\n<p>Sin olvidar las actividades tan apreciadas de la regi\u00f3n (senderismo, surf y golf).<\/p>\n<p>Durante el periodo estival hay disponibles autobuses gratuitos para ir a las playas, un transporte frecuente. (En la oficina de turismo pod\u00e9is informaros sobre las fechas y el horario del chrono bus)<\/p>\n<p>Desde Bidart pod\u00e9is visitar Biarritz, Bayonne, Saint Jean de Luz, Saint Jean Pied de Port o disfrutar de la cercan\u00eda a Espa\u00f1a y hacer una excursi\u00f3n a Bilbao o San Sebasti\u00e1n.<\/p>\n<p><strong>Piscina climatizada y vigilada (de mayo a settiembre*)<\/strong><\/p>\n<p><strong>Wifi gratis .<\/strong><\/p>\n<p>*(si las temperaturas externas nos lo permiten, un gesto para nuestro planeta)[\/vc_column_text][\/vc_column_inner][\/vc_row_inner][\/vc_column][\/vc_row][vc_row][vc_column][vc_column_text]<\/p>\n<h2>Tarifas 2026 Itsas Ondoa: Alquiler de una villa en Bidart<\/h2>\n<p>[\/vc_column_text][vc_column_text]\n<table id=\"tablepress-8\" class=\"tablepress tablepress-id-8\">\n<thead>\n<tr class=\"row-1 odd\">\n\t<th class=\"column-1\"><\/th><th class=\"column-2\">Periodos<\/th><th class=\"column-3\">Tarifas m\u00edn. 7 noches<\/th><th class=\"column-4\">Tarifas min 2 noches<br \/>\npercio por noche<\/th>\n<\/tr>\n<\/thead>\n<tbody class=\"row-hover\">\n<tr class=\"row-2 even\">\n\t<td class=\"column-1\">Temporada baja azul<\/td><td class=\"column-2\">5\/1 al 6\/2\/26<br \/>\n9\/3 al 3\/4\/26<br \/>\n21\/9 al 18\/10\/26<br \/>\n1\/11 al 18\/12\/26<\/td><td class=\"column-3\">2 737\u20ac<\/td><td class=\"column-4\">Por favor cont\u00e1ctenos por mail o hacer una simulaci\u00f3n en la red<\/td>\n<\/tr>\n<tr class=\"row-3 odd\">\n\t<td class=\"column-1\">Primavera\/Autonio violeta<\/td><td class=\"column-2\">1\/1 al 4\/1\/26<br \/>\n7\/2 al 8\/3\/26<br \/>\n4\/4 al 30\/4\/26<br \/>\n17\/10 al 31\/10\/26<br \/>\n19\/12 al 31\/12\/26<\/td><td class=\"column-3\">3 311\u20ac<\/td><td class=\"column-4\">Por favor cont\u00e1ctenos por mail o hacer una simulaci\u00f3n en la red<\/td>\n<\/tr>\n<tr class=\"row-4 even\">\n\t<td class=\"column-1\">Temporada media verde<\/td><td class=\"column-2\">1\/5 al 30\/6\/26<br \/>\n1\/9 al 20\/9\/26<\/td><td class=\"column-3\">3 822 \u20ac<\/td><td class=\"column-4\">Por favor cont\u00e1ctenos por mail o hacer una simulaci\u00f3n en la red<\/td>\n<\/tr>\n<tr class=\"row-5 odd\">\n\t<td class=\"column-1\">Temporada alta amarillo<\/td><td class=\"column-2\">1\/7 al 12\/7\/26<\/td><td class=\"column-3\">4 991 \u20ac<\/td><td class=\"column-4\">N\/A<\/td>\n<\/tr>\n<tr class=\"row-6 even\">\n\t<td class=\"column-1\">Temporada super alta rojo<\/td><td class=\"column-2\">13\/7 al 31\/8\/26<\/td><td class=\"column-3\">6 825\u20ac<\/td><td class=\"column-4\">N\/A<\/td>\n<\/tr>\n<\/tbody>\n<\/table>\n<!-- #tablepress-8 from cache -->[\/vc_column_text][\/vc_column][\/vc_row]<\/p>\n","protected":false},"excerpt":{"rendered":"<p>[vc_row el_class=\u00bbwrap\u00bb][vc_column][vc_raw_html]JTNDZGl2JTIwY2xhc3MlM0QlMjJidG4tcmVzYSUyMiUzRSUzQ2RpdiUyMGlkJTNEJTIyQ29uc3RlbGxhdGlvbkJ1dHRvbkNvbnRhaW5lcjYxMDM2N2Y4LTQ4YjMtNGE0OS1iMGQzLWZhZmE3ODU1ZGU0MyUyMiUyMHN0eWxlJTNEJTIyd2lkdGglM0ExMDAlMjUlM0IlMjB0ZXh0LWFsaWduJTNBY2VudGVyJTNCJTIyJTIwdGl0bGUlM0QlMjJWaWxsYSUyMEl0c2FzJTIwT25kb2ElMjAlMjIlMjBkYXRhLWlkLXByb2pldCUzRCUyNzYxMDM2N2Y4NDhiMzRhNDliMGQzZmFmYTc4NTVkZTQzJTI3JTNFQ2FyZ2FuZG8uLi4lM0MlMkZkaXYlM0UlMjAlM0NzY3JpcHQlMjB0eXBlJTNEJTIydGV4dCUyRmphdmFzY3JpcHQlMjIlMjBzcmMlM0QlMjJodHRwcyUzQSUyRiUyRnJlc2VydmF0aW9uLmVsbG9oYS5jb20lMkZTY3JpcHRzJTJGd2lkZ2V0LWxvYWRlci5taW4uanMlM0Z2JTNEMzklMjIlM0UlM0MlMkZzY3JpcHQlM0UlMjAlM0NzY3JpcHQlMjB0eXBlJTNEJTIydGV4dCUyRmphdmFzY3JpcHQlMjIlM0V2YXIlMjBjb25zdGVsbGF0aW9uV2lkZ2V0VXJsNjEwMzY3Zjg0OGIzNGE0OWIwZDNmYWZhNzg1NWRlNDMlMkMlMjBjb25zdGVsbGF0aW9uVHlwZU1vZHVsZTYxMDM2N2Y4NDhiMzRhNDliMGQzZmFmYTc4NTVkZTQzJTNCJTIwY29uc3RlbGxhdGlvbldpZGdldFVybDYxMDM2N2Y4NDhiMzRhNDliMGQzZmFmYTc4NTVkZTQzJTIwJTNEJTIwJTI3aHR0cHMlM0ElMkYlMkZyZXNlcnZhdGlvbi5lbGxvaGEuY29tJTJGV2lkZ2V0JTJGQm9va2luZ0J1dHRvbiUyRjYxMDM2N2Y4LTQ4YjMtNGE0OS1iMGQzLWZhZmE3ODU1ZGU0MyUzRmlkb2klM0QyYmJhMTg5Yy1jNTAxLTQ1ZjgtODkwOS03NzNmNDcxYWY5M2MlMjZjdWx0dXJlJTNEZXMtRVMlMjclM0IlMjBjb25zdGVsbGF0aW9uVHlwZU1vZHVsZTYxMDM2N2Y4NDhiMzRhNDliMGQzZmFmYTc4NTVkZTQzJTNEMyUzQiUyMGNvbnN0ZWxsYXRpb25Cb29raW5nQnV0dG9uTG9hZCUyOCUyN0NvbnN0ZWxsYXRpb25CdXR0b25Db250YWluZXI2MTAzNjdmOC00OGIzLTRhNDktYjBkMy1mYWZhNzg1NWRlNDMlMjclMjklM0IlM0MlMkZzY3JpcHQlM0UlMEElM0MlMkZkaXYlM0U=[\/vc_raw_html][vc_row_inner][vc_column_inner width=\u00bb1\/2&#8243;][vc_column_text][\/vc_column_text][\/vc_column_inner][vc_column_inner width=\u00bb1\/2&#8243;][vc_column_text]La casa, ITSAS ONDOA, cerca del mar [&hellip;]<\/p>\n<a href=\"https:\/\/www.villa-itsasondoa.com\/es\/alquiler-de-una-villa-en-bidart\/\">View Post<\/a>","protected":false},"author":1,"featured_media":0,"parent":0,"menu_order":0,"comment_status":"closed","ping_status":"closed","template":"","meta":[],"yoast_head":"<!-- This site is optimized with the Yoast SEO plugin v20.1 - https:\/\/yoast.com\/wordpress\/plugins\/seo\/ -->\n<title>Casa de alquiler en Bidart - Alquiler de una casa con piscina en Bidart - Villa Itsas Ondoa<\/title>\n<meta name=\"robots\" content=\"index, follow, max-snippet:-1, max-image-preview:large, max-video-preview:-1\" \/>\n<link rel=\"canonical\" href=\"https:\/\/www.villa-itsasondoa.com\/es\/alquiler-de-una-villa-en-bidart\/\" \/>\n<meta property=\"og:locale\" content=\"es_ES\" \/>\n<meta property=\"og:type\" content=\"article\" \/>\n<meta property=\"og:title\" content=\"Casa de alquiler en Bidart - Alquiler de una casa con piscina en Bidart - Villa Itsas Ondoa\" \/>\n<meta property=\"og:description\" content=\"[vc_row el_class=\u00bbwrap\u00bb][vc_column][vc_raw_html]JTNDZGl2JTIwY2xhc3MlM0QlMjJidG4tcmVzYSUyMiUzRSUzQ2RpdiUyMGlkJTNEJTIyQ29uc3RlbGxhdGlvbkJ1dHRvbkNvbnRhaW5lcjYxMDM2N2Y4LTQ4YjMtNGE0OS1iMGQzLWZhZmE3ODU1ZGU0MyUyMiUyMHN0eWxlJTNEJTIyd2lkdGglM0ExMDAlMjUlM0IlMjB0ZXh0LWFsaWduJTNBY2VudGVyJTNCJTIyJTIwdGl0bGUlM0QlMjJWaWxsYSUyMEl0c2FzJTIwT25kb2ElMjAlMjIlMjBkYXRhLWlkLXByb2pldCUzRCUyNzYxMDM2N2Y4NDhiMzRhNDliMGQzZmFmYTc4NTVkZTQzJTI3JTNFQ2FyZ2FuZG8uLi4lM0MlMkZkaXYlM0UlMjAlM0NzY3JpcHQlMjB0eXBlJTNEJTIydGV4dCUyRmphdmFzY3JpcHQlMjIlMjBzcmMlM0QlMjJodHRwcyUzQSUyRiUyRnJlc2VydmF0aW9uLmVsbG9oYS5jb20lMkZTY3JpcHRzJTJGd2lkZ2V0LWxvYWRlci5taW4uanMlM0Z2JTNEMzklMjIlM0UlM0MlMkZzY3JpcHQlM0UlMjAlM0NzY3JpcHQlMjB0eXBlJTNEJTIydGV4dCUyRmphdmFzY3JpcHQlMjIlM0V2YXIlMjBjb25zdGVsbGF0aW9uV2lkZ2V0VXJsNjEwMzY3Zjg0OGIzNGE0OWIwZDNmYWZhNzg1NWRlNDMlMkMlMjBjb25zdGVsbGF0aW9uVHlwZU1vZHVsZTYxMDM2N2Y4NDhiMzRhNDliMGQzZmFmYTc4NTVkZTQzJTNCJTIwY29uc3RlbGxhdGlvbldpZGdldFVybDYxMDM2N2Y4NDhiMzRhNDliMGQzZmFmYTc4NTVkZTQzJTIwJTNEJTIwJTI3aHR0cHMlM0ElMkYlMkZyZXNlcnZhdGlvbi5lbGxvaGEuY29tJTJGV2lkZ2V0JTJGQm9va2luZ0J1dHRvbiUyRjYxMDM2N2Y4LTQ4YjMtNGE0OS1iMGQzLWZhZmE3ODU1ZGU0MyUzRmlkb2klM0QyYmJhMTg5Yy1jNTAxLTQ1ZjgtODkwOS03NzNmNDcxYWY5M2MlMjZjdWx0dXJlJTNEZXMtRVMlMjclM0IlMjBjb25zdGVsbGF0aW9uVHlwZU1vZHVsZTYxMDM2N2Y4NDhiMzRhNDliMGQzZmFmYTc4NTVkZTQzJTNEMyUzQiUyMGNvbnN0ZWxsYXRpb25Cb29raW5nQnV0dG9uTG9hZCUyOCUyN0NvbnN0ZWxsYXRpb25CdXR0b25Db250YWluZXI2MTAzNjdmOC00OGIzLTRhNDktYjBkMy1mYWZhNzg1NWRlNDMlMjclMjklM0IlM0MlMkZzY3JpcHQlM0UlMEElM0MlMkZkaXYlM0U=[\/vc_raw_html][vc_row_inner][vc_column_inner width=\u00bb1\/2&#8243;][vc_column_text][\/vc_column_text][\/vc_column_inner][vc_column_inner width=\u00bb1\/2&#8243;][vc_column_text]La casa, ITSAS ONDOA, cerca del mar [&hellip;]\" \/>\n<meta property=\"og:url\" content=\"https:\/\/www.villa-itsasondoa.com\/es\/alquiler-de-una-villa-en-bidart\/\" \/>\n<meta property=\"og:site_name\" content=\"Itsas Ondoa\" \/>\n<meta property=\"article:modified_time\" content=\"2025-12-28T19:01:34+00:00\" \/>\n<meta name=\"twitter:card\" content=\"summary_large_image\" \/>\n<meta name=\"twitter:label1\" content=\"Tiempo de lectura\" \/>\n\t<meta name=\"twitter:data1\" content=\"2 minutos\" \/>\n<script type=\"application\/ld+json\" class=\"yoast-schema-graph\">{\"@context\":\"https:\/\/schema.org\",\"@graph\":[{\"@type\":\"WebPage\",\"@id\":\"https:\/\/www.villa-itsasondoa.com\/es\/alquiler-de-una-villa-en-bidart\/\",\"url\":\"https:\/\/www.villa-itsasondoa.com\/es\/alquiler-de-una-villa-en-bidart\/\",\"name\":\"Casa de alquiler en Bidart - Alquiler de una casa con piscina en Bidart - Villa Itsas Ondoa\",\"isPartOf\":{\"@id\":\"https:\/\/www.villa-itsasondoa.com\/#website\"},\"datePublished\":\"2018-01-29T12:41:47+00:00\",\"dateModified\":\"2025-12-28T19:01:34+00:00\",\"breadcrumb\":{\"@id\":\"https:\/\/www.villa-itsasondoa.com\/es\/alquiler-de-una-villa-en-bidart\/#breadcrumb\"},\"inLanguage\":\"es\",\"potentialAction\":[{\"@type\":\"ReadAction\",\"target\":[\"https:\/\/www.villa-itsasondoa.com\/es\/alquiler-de-una-villa-en-bidart\/\"]}]},{\"@type\":\"BreadcrumbList\",\"@id\":\"https:\/\/www.villa-itsasondoa.com\/es\/alquiler-de-una-villa-en-bidart\/#breadcrumb\",\"itemListElement\":[{\"@type\":\"ListItem\",\"position\":1,\"name\":\"Accueil\",\"item\":\"https:\/\/www.villa-itsasondoa.com\/es\/\"},{\"@type\":\"ListItem\",\"position\":2,\"name\":\"Alquiler de una villa en Bidart\"}]},{\"@type\":\"WebSite\",\"@id\":\"https:\/\/www.villa-itsasondoa.com\/#website\",\"url\":\"https:\/\/www.villa-itsasondoa.com\/\",\"name\":\"Itsas Ondoa\",\"description\":\"\",\"publisher\":{\"@id\":\"https:\/\/www.villa-itsasondoa.com\/#organization\"},\"potentialAction\":[{\"@type\":\"SearchAction\",\"target\":{\"@type\":\"EntryPoint\",\"urlTemplate\":\"https:\/\/www.villa-itsasondoa.com\/?s={search_term_string}\"},\"query-input\":\"required name=search_term_string\"}],\"inLanguage\":\"es\"},{\"@type\":\"Organization\",\"@id\":\"https:\/\/www.villa-itsasondoa.com\/#organization\",\"name\":\"Itsas Ondoa\",\"url\":\"https:\/\/www.villa-itsasondoa.com\/\",\"logo\":{\"@type\":\"ImageObject\",\"inLanguage\":\"es\",\"@id\":\"https:\/\/www.villa-itsasondoa.com\/#\/schema\/logo\/image\/\",\"url\":\"\",\"contentUrl\":\"\",\"caption\":\"Itsas Ondoa\"},\"image\":{\"@id\":\"https:\/\/www.villa-itsasondoa.com\/#\/schema\/logo\/image\/\"}}]}<\/script>\n<!-- \/ Yoast SEO plugin. -->","yoast_head_json":{"title":"Casa de alquiler en Bidart - Alquiler de una casa con piscina en Bidart - Villa Itsas Ondoa","robots":{"index":"index","follow":"follow","max-snippet":"max-snippet:-1","max-image-preview":"max-image-preview:large","max-video-preview":"max-video-preview:-1"},"canonical":"https:\/\/www.villa-itsasondoa.com\/es\/alquiler-de-una-villa-en-bidart\/","og_locale":"es_ES","og_type":"article","og_title":"Casa de alquiler en Bidart - Alquiler de una casa con piscina en Bidart - Villa Itsas Ondoa","og_description":"[vc_row el_class=\u00bbwrap\u00bb][vc_column][vc_raw_html]JTNDZGl2JTIwY2xhc3MlM0QlMjJidG4tcmVzYSUyMiUzRSUzQ2RpdiUyMGlkJTNEJTIyQ29uc3RlbGxhdGlvbkJ1dHRvbkNvbnRhaW5lcjYxMDM2N2Y4LTQ4YjMtNGE0OS1iMGQzLWZhZmE3ODU1ZGU0MyUyMiUyMHN0eWxlJTNEJTIyd2lkdGglM0ExMDAlMjUlM0IlMjB0ZXh0LWFsaWduJTNBY2VudGVyJTNCJTIyJTIwdGl0bGUlM0QlMjJWaWxsYSUyMEl0c2FzJTIwT25kb2ElMjAlMjIlMjBkYXRhLWlkLXByb2pldCUzRCUyNzYxMDM2N2Y4NDhiMzRhNDliMGQzZmFmYTc4NTVkZTQzJTI3JTNFQ2FyZ2FuZG8uLi4lM0MlMkZkaXYlM0UlMjAlM0NzY3JpcHQlMjB0eXBlJTNEJTIydGV4dCUyRmphdmFzY3JpcHQlMjIlMjBzcmMlM0QlMjJodHRwcyUzQSUyRiUyRnJlc2VydmF0aW9uLmVsbG9oYS5jb20lMkZTY3JpcHRzJTJGd2lkZ2V0LWxvYWRlci5taW4uanMlM0Z2JTNEMzklMjIlM0UlM0MlMkZzY3JpcHQlM0UlMjAlM0NzY3JpcHQlMjB0eXBlJTNEJTIydGV4dCUyRmphdmFzY3JpcHQlMjIlM0V2YXIlMjBjb25zdGVsbGF0aW9uV2lkZ2V0VXJsNjEwMzY3Zjg0OGIzNGE0OWIwZDNmYWZhNzg1NWRlNDMlMkMlMjBjb25zdGVsbGF0aW9uVHlwZU1vZHVsZTYxMDM2N2Y4NDhiMzRhNDliMGQzZmFmYTc4NTVkZTQzJTNCJTIwY29uc3RlbGxhdGlvbldpZGdldFVybDYxMDM2N2Y4NDhiMzRhNDliMGQzZmFmYTc4NTVkZTQzJTIwJTNEJTIwJTI3aHR0cHMlM0ElMkYlMkZyZXNlcnZhdGlvbi5lbGxvaGEuY29tJTJGV2lkZ2V0JTJGQm9va2luZ0J1dHRvbiUyRjYxMDM2N2Y4LTQ4YjMtNGE0OS1iMGQzLWZhZmE3ODU1ZGU0MyUzRmlkb2klM0QyYmJhMTg5Yy1jNTAxLTQ1ZjgtODkwOS03NzNmNDcxYWY5M2MlMjZjdWx0dXJlJTNEZXMtRVMlMjclM0IlMjBjb25zdGVsbGF0aW9uVHlwZU1vZHVsZTYxMDM2N2Y4NDhiMzRhNDliMGQzZmFmYTc4NTVkZTQzJTNEMyUzQiUyMGNvbnN0ZWxsYXRpb25Cb29raW5nQnV0dG9uTG9hZCUyOCUyN0NvbnN0ZWxsYXRpb25CdXR0b25Db250YWluZXI2MTAzNjdmOC00OGIzLTRhNDktYjBkMy1mYWZhNzg1NWRlNDMlMjclMjklM0IlM0MlMkZzY3JpcHQlM0UlMEElM0MlMkZkaXYlM0U=[\/vc_raw_html][vc_row_inner][vc_column_inner width=\u00bb1\/2&#8243;][vc_column_text][\/vc_column_text][\/vc_column_inner][vc_column_inner width=\u00bb1\/2&#8243;][vc_column_text]La casa, ITSAS ONDOA, cerca del mar [&hellip;]","og_url":"https:\/\/www.villa-itsasondoa.com\/es\/alquiler-de-una-villa-en-bidart\/","og_site_name":"Itsas Ondoa","article_modified_time":"2025-12-28T19:01:34+00:00","twitter_card":"summary_large_image","twitter_misc":{"Tiempo de lectura":"2 minutos"},"schema":{"@context":"https:\/\/schema.org","@graph":[{"@type":"WebPage","@id":"https:\/\/www.villa-itsasondoa.com\/es\/alquiler-de-una-villa-en-bidart\/","url":"https:\/\/www.villa-itsasondoa.com\/es\/alquiler-de-una-villa-en-bidart\/","name":"Casa de alquiler en Bidart - Alquiler de una casa con piscina en Bidart - Villa Itsas Ondoa","isPartOf":{"@id":"https:\/\/www.villa-itsasondoa.com\/#website"},"datePublished":"2018-01-29T12:41:47+00:00","dateModified":"2025-12-28T19:01:34+00:00","breadcrumb":{"@id":"https:\/\/www.villa-itsasondoa.com\/es\/alquiler-de-una-villa-en-bidart\/#breadcrumb"},"inLanguage":"es","potentialAction":[{"@type":"ReadAction","target":["https:\/\/www.villa-itsasondoa.com\/es\/alquiler-de-una-villa-en-bidart\/"]}]},{"@type":"BreadcrumbList","@id":"https:\/\/www.villa-itsasondoa.com\/es\/alquiler-de-una-villa-en-bidart\/#breadcrumb","itemListElement":[{"@type":"ListItem","position":1,"name":"Accueil","item":"https:\/\/www.villa-itsasondoa.com\/es\/"},{"@type":"ListItem","position":2,"name":"Alquiler de una villa en Bidart"}]},{"@type":"WebSite","@id":"https:\/\/www.villa-itsasondoa.com\/#website","url":"https:\/\/www.villa-itsasondoa.com\/","name":"Itsas Ondoa","description":"","publisher":{"@id":"https:\/\/www.villa-itsasondoa.com\/#organization"},"potentialAction":[{"@type":"SearchAction","target":{"@type":"EntryPoint","urlTemplate":"https:\/\/www.villa-itsasondoa.com\/?s={search_term_string}"},"query-input":"required name=search_term_string"}],"inLanguage":"es"},{"@type":"Organization","@id":"https:\/\/www.villa-itsasondoa.com\/#organization","name":"Itsas Ondoa","url":"https:\/\/www.villa-itsasondoa.com\/","logo":{"@type":"ImageObject","inLanguage":"es","@id":"https:\/\/www.villa-itsasondoa.com\/#\/schema\/logo\/image\/","url":"","contentUrl":"","caption":"Itsas Ondoa"},"image":{"@id":"https:\/\/www.villa-itsasondoa.com\/#\/schema\/logo\/image\/"}}]}},"_links":{"self":[{"href":"https:\/\/www.villa-itsasondoa.com\/es\/wp-json\/wp\/v2\/pages\/474"}],"collection":[{"href":"https:\/\/www.villa-itsasondoa.com\/es\/wp-json\/wp\/v2\/pages"}],"about":[{"href":"https:\/\/www.villa-itsasondoa.com\/es\/wp-json\/wp\/v2\/types\/page"}],"author":[{"embeddable":true,"href":"https:\/\/www.villa-itsasondoa.com\/es\/wp-json\/wp\/v2\/users\/1"}],"replies":[{"embeddable":true,"href":"https:\/\/www.villa-itsasondoa.com\/es\/wp-json\/wp\/v2\/comments?post=474"}],"version-history":[{"count":14,"href":"https:\/\/www.villa-itsasondoa.com\/es\/wp-json\/wp\/v2\/pages\/474\/revisions"}],"predecessor-version":[{"id":1016,"href":"https:\/\/www.villa-itsasondoa.com\/es\/wp-json\/wp\/v2\/pages\/474\/revisions\/1016"}],"wp:attachment":[{"href":"https:\/\/www.villa-itsasondoa.com\/es\/wp-json\/wp\/v2\/media?parent=474"}],"curies":[{"name":"wp","href":"https:\/\/api.w.org\/{rel}","templated":true}]}}