{"id":470,"date":"2018-01-29T13:41:20","date_gmt":"2018-01-29T12:41:20","guid":{"rendered":"https:\/\/www.villa-itsasondoa.com\/apartamento-de-alquiler-en-bidart-alquiler-de-villa-en-bidart\/"},"modified":"2025-12-28T20:05:07","modified_gmt":"2025-12-28T19:05:07","slug":"apartamento-de-alquiler-bidart-alquiler-de-villa-bidart","status":"publish","type":"page","link":"https:\/\/www.villa-itsasondoa.com\/es\/","title":{"rendered":"Apartamento de alquiler en Bidart &#8211; Alquiler de villa en Bidart"},"content":{"rendered":"<p>[vc_row][vc_column][vc_column_text][rev_slider_vc alias=\u00bbhome-es\u00bb][\/vc_column_text][\/vc_column][\/vc_row][vc_row css=\u00bb.vc_custom_1474286498813{margin-top: 0px !important;}\u00bb][vc_column][vc_column_text css=\u00bb.vc_custom_1474546022664{margin-top: 30px !important;margin-bottom: 50px !important;}\u00bb]<\/p>\n<div id=\"villapb\">\n<h1 style=\"text-align: center;\">Villa en el Pa\u00eds Vasco<\/h1>\n<\/div>\n<p>[\/vc_column_text][\/vc_column][\/vc_row][vc_row el_class=\u00bbwrap\u00bb][vc_column width=\u00bb1\/2&#8243;][vc_column_text]<iframe loading=\"lazy\" src=\"https:\/\/www.youtube.com\/embed\/bUj4VaIqeGQ?rel=0&amp;&amp;controls=0&amp;showinfo=0\" width=\"100%\" height=\"360\" frameborder=\"0\" allowfullscreen=\"allowfullscreen\"><\/iframe>[\/vc_column_text][vc_column_text]<img loading=\"lazy\" class=\"size-full wp-image-854 aligncenter\" src=\"https:\/\/www.villa-itsasondoa.com\/wp-content\/uploads\/2021\/07\/logo-bidart-le-vrai.png\" alt=\"logo bidart le vrai\" width=\"300\" height=\"auto\" srcset=\"https:\/\/www.villa-itsasondoa.com\/wp-content\/uploads\/2021\/07\/logo-bidart-le-vrai.png 416w, https:\/\/www.villa-itsasondoa.com\/wp-content\/uploads\/2021\/07\/logo-bidart-le-vrai-300x114.png 300w\" sizes=\"(max-width: 416px) 100vw, 416px\" \/>[\/vc_column_text][\/vc_column][vc_column width=\u00bb1\/2&#8243;][vc_column_text]Bidart, una encantadora ciudad que da al oc\u00e9ano con 5 km de litoral y 6 playas vigiladas en periodo estival. Adem\u00e1s tiene una situaci\u00f3n ideal entre Biarritz y Saint Jean de Luz, con los Pirineos de fondo.<\/p>\n<p>&nbsp;<\/p>\n<p><img class=\"alignright\" src=\"\/wp-content\/uploads\/2017\/09\/gite-ancv-pays-basque.jpg\" alt=\"Gite ch\u00e8que vacances Pays Basque\" \/>Su lema \u00abbidartean zuzena onena\u00bb significa \u00abentre los caminos, el recto es el mejor\u00bb y representa el car\u00e1cter tan fuerte de Bidart: ir directamente a lo esencial.<\/p>\n<p><img class=\"alignright\" src=\"\/wp-content\/uploads\/2019\/02\/camping-pays-basque-biarritz.jpg\" alt=\"camping au pays basque a biarritz\" \/>Una ciudad aut\u00e9ntica que poco a poco ha sabido actualizarse y ofrece actividades de calidad durante todo el a\u00f1o.<\/p>\n<p>Pasar las vacaciones en Bidart es poder iniciarse en el surf y en la pelota vasca, descubrir las tradiciones vascas, probar las especialidades y productos de la regi\u00f3n, relajarse cerca del oc\u00e9ano, pasear por los entornos verdes, caminar por el sendero del litoral, recorrer una parte del camino de Santiago, disfrutar del skatepark y sobre todo, so\u00f1ar frente al atardecer.<\/p>\n<p>Piscina comunitaria climatizada y vigilada (de mayo a settiembre*)<\/p>\n<p>*(<span lang=\"es\">si las temperaturas exteriores nos lo permiten, un gesto para nuestro planeta)<\/span><\/p>\n<p><strong>\u00a0Solo, en pareja, con amigos o en familia, deb\u00e9is dejaros llevar por este instante inolvidable<\/strong>.[\/vc_column_text][\/vc_column][\/vc_row][vc_row el_class=\u00bbfond-gris\u00bb][vc_column][vc_row_inner el_class=\u00bbwrap\u00bb][vc_column_inner][vc_column_text css=\u00bb.vc_custom_1488638468645{margin-top: 30px !important;margin-bottom: 50px !important;}\u00bb]<\/p>\n<h2 style=\"text-align: center;\">Apartamentos de alquiler separados o villa completa en Bidart<\/h2>\n<p>[\/vc_column_text][vc_column_text]La encantadora villa Itsas Ondoa os acoge durante todo el a\u00f1o en sus 3 apartamentos, entre el mar y la monta\u00f1a, aunque tambi\u00e9n se puede alquilar toda la villa.<\/p>\n<p>Venid para descubrir el encanto del Pa\u00eds Vasco y sus numerosas playas como Plage d\u2019Erretegia (a menos de 500 m de la villa), alejada del centro y en un entorno de vegetaci\u00f3n.<\/p>\n<p>La playa, con una longitud de varios cientos de metros, permite, cuando hay marea baja, unir la m\u00edtica costa de los vascos de Biarritz con el sendero del litoral que permite acceder a Gu\u00e9tary, Saint Jean de Luz y Hendaye.<\/p>\n<p>Una situaci\u00f3n geogr\u00e1fica perfecta que permite estar cerca de la naturaleza y de la ciudad al mismo tiempo.<\/p>\n<p>La piscina, climatizada y vigilada (de mayo a settiembre*), es un lugar ideal para relajarse lejos de las miradas. La villa Itsas Ondoa os har\u00e1 vivir unas vacaciones de ensue\u00f1o de las que os acordar\u00e9is durante mucho tiempo.(*si las temperaturas externas nos lo permiten un gesto para nuestro planeta)<\/p>\n<p><strong>SPA<\/strong> : Hammam Jacuzzi Sauna<\/p>\n<p><strong>NUEVO 2022<\/strong> : nueva piscina<\/p>\n<p><strong>JULIO AGOSTO<\/strong> M\u00ednimo 7 noches, d\u00edas de llegada flexibles (apartamentos separados o villa completa). Para conocer la disponibilidad de la villa puede contactarnos. Fuera de temporada, m\u00ednimo de 2 noches para Le Bayonnais, Le Botero y Le Txiki (los apartamentos) d\u00edas de llegada flexibles. Llama al +33 (0)6 07 07 87 66.[\/vc_column_text][\/vc_column_inner][\/vc_row_inner][\/vc_column][\/vc_row][vc_row el_class=\u00bbfond-gris\u00bb][vc_column][vc_row_inner el_class=\u00bbwrap\u00bb][vc_column_inner width=\u00bb1\/4&#8243;][vc_raw_html]JTNDZmlndXJlJTNFJTBBJTIwJTIwJTIwJTIwJTIwJTIwJTIwJTIwJTNDaW1nJTIwYWx0JTNEJTIybG9jYXRpb24lMjBtYWlzb24lMjBiaWRhcnQlMjIlMjBzcmMlM0QlMjIlMkZ3cC1jb250ZW50JTJGdXBsb2FkcyUyRjIwMTYlMkYwOSUyRmxvY2F0aW9uLWEtYmlkYXJ0LmpwZyUyMiUzRSUwQSUwQSUyMCUyMCUyMCUyMCUyMCUyMCUyMCUyMCUzQ2ZpZ2NhcHRpb24lM0UlMEElMjAlMjAlMjAlMjAlMjAlMjAlMjAlMjAlMjAlMjAlMjAlMjAlM0NhJTIwaHJlZiUzRCUyMiUyRmVzJTJGYWxxdWlsZXItZGUtdW5hLXZpbGxhLWVuLWJpZGFydCUyRiUyMiUzRSUzQ2RpdiUyMGNsYXNzJTNEJTIyYXV0cmVzLXBldGl0cy10aXRyZXMlMjIlM0VDZXJjYSUyMGRlbCUyMG1hciUzQyUyRmRpdiUzRSUwQSUwQSUyMCUyMCUyMCUyMCUyMCUyMCUyMCUyMCUyMCUyMCUyMCUyMCUzQ3AlMjBzdHlsZSUzRCUyMmNvbG9yJTNBJTIzZmZmJTIyJTNFRW4lMjBsYSUyMGNvc3RhJTIwdmFzY2ElMkMlMjBlbiUyMGVsJTIwY2VudHJvJTIwZGUlMjB1biUyMHB1ZWJsbyUyMHZhc2NvJTJDJTIwZW50cmUlMjBTYWludCUyMEplYW4lMjBkZSUyMEx1eiUyMHklMjBCaWFycml0ei4uLiUzQyUyRnAlM0UlM0MlMkZhJTNFJTBBJTBBJTIwJTIwJTIwJTIwJTIwJTIwJTIwJTIwJTNDJTJGZmlnY2FwdGlvbiUzRSUwQSUzQyUyRmZpZ3VyZSUzRQ==[\/vc_raw_html][vc_column_text]<\/p>\n<div class=\"type_appart\">La villa Itsas Ondoa 12p<\/div>\n<p>[\/vc_column_text][\/vc_column_inner][vc_column_inner width=\u00bb1\/4&#8243;][vc_raw_html]JTNDZmlndXJlJTNFJTBBJTIwJTIwJTIwJTIwJTIwJTIwJTIwJTIwJTNDaW1nJTIwYWx0JTNEJTIyYXBwYXJ0ZW1lbnQlMjBhJTIwbG91ZXIlMjBiaWRhcnQlMjIlMjBzcmMlM0QlMjIlMkZ3cC1jb250ZW50JTJGdXBsb2FkcyUyRjIwMTYlMkYwOSUyRmxvY2F0aW9uLXZhY2FuY2VzLWJpZGFydC0zLmpwZyUyMiUzRSUwQSUwQSUyMCUyMCUyMCUyMCUyMCUyMCUyMCUyMCUzQ2ZpZ2NhcHRpb24lM0UlMEElMjAlMjAlMjAlMjAlMjAlMjAlMjAlMjAlMjAlMjAlMjAlMjAlM0NhJTIwaHJlZiUzRCUyMiUyRmVzJTJGdWJ1Y2FjaW9uLWFwYXJ0YW1lbnRvLXQyLWJpZGFydCUyRiUyMiUzRSUzQ2RpdiUyMGNsYXNzJTNEJTIyYXV0cmVzLXBldGl0cy10aXRyZXMlMjIlM0UyLiVDMiVBQSUyMHBsYW50YSUyMDUwJTIwbSVDMiVCMiUzQyUyRmRpdiUzRSUwQSUwQSUyMCUyMCUyMCUyMCUyMCUyMCUyMCUyMCUyMCUyMCUyMCUyMCUzQ3AlMjBzdHlsZSUzRCUyMmNvbG9yJTNBJTIzZmZmJTIyJTNFMSUyMGhhYml0YWNpJUMzJUIzbiUyQyUyMDElMjBjdWFydG8lMjBkZSUyMGJhJUMzJUIxbyUyMGNvbiUyMGR1Y2hhJTIweSUyMFdDJTIwaW50ZWdyYWRvJTJDJTIwMSUyMGNvY2luYSUyMGVxdWlwYWRhJTIwY29uJTIwaG9ybm8lMjB5JTIwdW4lMjBtaWNyb29uZGFzLi4uJTNDJTJGcCUzRSUzQyUyRmElM0UlMEElMEElMjAlMjAlMjAlMjAlMjAlMjAlMjAlMjAlM0MlMkZmaWdjYXB0aW9uJTNFJTBBJTNDJTJGZmlndXJlJTNF[\/vc_raw_html][vc_column_text]<\/p>\n<div class=\"type_appart\">Le Txiki 2p<\/div>\n<p>[\/vc_column_text][\/vc_column_inner][vc_column_inner width=\u00bb1\/4&#8243;][vc_raw_html]JTNDZmlndXJlJTNFJTBBJTIwJTIwJTIwJTIwJTIwJTIwJTIwJTIwJTNDaW1nJTIwYWx0JTNEJTIybG9jYXRpb24lMjBiaWRhcnQlMjIlMjBzcmMlM0QlMjIlMkZ3cC1jb250ZW50JTJGdXBsb2FkcyUyRjIwMTYlMkYwOSUyRmxvY2F0aW9uLWJpZGFydC1wYXJ0aWN1bGllci0xLmpwZyUyMiUzRSUwQSUwQSUyMCUyMCUyMCUyMCUyMCUyMCUyMCUyMCUzQ2ZpZ2NhcHRpb24lM0UlMEElMjAlMjAlMjAlMjAlMjAlMjAlMjAlMjAlMjAlMjAlMjAlMjAlM0NhJTIwaHJlZiUzRCUyMiUyRmVzJTJGYXBhcnRhbWVudG8tdWJpY2FjaW9uLWJpZGFydC10MyUyRiUyMiUzRSUzQ2RpdiUyMGNsYXNzJTNEJTIyYXV0cmVzLXBldGl0cy10aXRyZXMlMjIlM0VQbGFudGElMjBiYWphJTIwZGUlMjA4NiUyMG0lQzIlQjIlM0MlMkZkaXYlM0UlMEElMEElMjAlMjAlMjAlMjAlMjAlMjAlMjAlMjAlMjAlMjAlMjAlMjAlM0NwJTIwc3R5bGUlM0QlMjJjb2xvciUzQSUyM2ZmZiUyMiUzRUNvbWVkb3IlMjAlMkIlMjBjb2NpbmElMjBlcXVpcGFkYSUyQyUyMDElMjB0ZWxldmlzaSVDMyVCM24lMjBjb24lMjBEVkQlMkMlMjAyJTIwaGFiaXRhY2lvbmVzJTJDJTIwMSUyMGN1YXJ0byUyMGRlJTIwYmElQzMlQjFvJTIwY29uJTIwZHVjaGElMjBpdGFsaWFuYS4uLiUzQyUyRnAlM0UlM0MlMkZhJTNFJTBBJTBBJTIwJTIwJTIwJTIwJTIwJTIwJTIwJTIwJTNDJTJGZmlnY2FwdGlvbiUzRSUwQSUzQyUyRmZpZ3VyZSUzRQ==[\/vc_raw_html][vc_column_text]<\/p>\n<div class=\"type_appart\">Le Bayonnais 4p<\/div>\n<p>[\/vc_column_text][\/vc_column_inner][vc_column_inner width=\u00bb1\/4&#8243;][vc_raw_html]JTNDZmlndXJlJTNFJTBBJTIwJTIwJTIwJTIwJTIwJTIwJTIwJTIwJTNDaW1nJTIwYWx0JTNEJTIyYmlkYXJ0JTIwbG9jYXRpb24lMjIlMjBzcmMlM0QlMjIlMkZ3cC1jb250ZW50JTJGdXBsb2FkcyUyRjIwMTYlMkYwOSUyRmxvY2F0aW9uLWJpZGFydC0yLmpwZyUyMiUzRSUwQSUwQSUyMCUyMCUyMCUyMCUyMCUyMCUyMCUyMCUzQ2ZpZ2NhcHRpb24lM0UlMEElMjAlMjAlMjAlMjAlMjAlMjAlMjAlMjAlMjAlMjAlMjAlMjAlM0NhJTIwaHJlZiUzRCUyMiUyRmVzJTJGdWJpY2FjaW9uLWFwYXJ0YW1lbnRvLXQ0LWJpZGFydCUyRiUyMiUzRSUzQ2RpdiUyMGNsYXNzJTNEJTIyYXV0cmVzLXBldGl0cy10aXRyZXMlMjIlM0UxLiVDMiVBQSUyMHBsYW50YSUyMDk1JTIwbSVDMiVCMiUzQyUyRmRpdiUzRSUwQSUwQSUyMCUyMCUyMCUyMCUyMCUyMCUyMCUyMCUyMCUyMCUyMCUyMCUzQ3AlMjBzdHlsZSUzRCUyMmNvbG9yJTNBJTIzZmZmJTIyJTNFMyUyMGhhYml0YWNpb25lcyUyQyUyMDIlMjBjdWFydG9zJTIwZGUlMjBiYSVDMyVCMW8lMjBjb24lMjBkdWNoYSUyMGl0YWxpYW5hJTJDJTIwdW5vJTIwZGUlMjBlbGxvcyUyMGVuJTIwbGElMjBzdWl0ZSUyMHBhcmVudGFsLi4uJTNDJTJGcCUzRSUzQyUyRmElM0UlMEElMEElMjAlMjAlMjAlMjAlMjAlMjAlMjAlMjAlM0MlMkZmaWdjYXB0aW9uJTNFJTBBJTNDJTJGZmlndXJlJTNF[\/vc_raw_html][vc_column_text]<\/p>\n<div class=\"type_appart\">Le Botero 6p<\/div>\n<p>[\/vc_column_text][\/vc_column_inner][\/vc_row_inner][\/vc_column][\/vc_row]<\/p>\n","protected":false},"excerpt":{"rendered":"<p>[vc_row][vc_column][vc_column_text][rev_slider_vc alias=\u00bbhome-es\u00bb][\/vc_column_text][\/vc_column][\/vc_row][vc_row css=\u00bb.vc_custom_1474286498813{margin-top: 0px !important;}\u00bb][vc_column][vc_column_text css=\u00bb.vc_custom_1474546022664{margin-top: 30px !important;margin-bottom: 50px !important;}\u00bb] [&hellip;]<\/p>\n<a href=\"https:\/\/www.villa-itsasondoa.com\/es\/\">View Post<\/a>","protected":false},"author":1,"featured_media":0,"parent":0,"menu_order":0,"comment_status":"closed","ping_status":"closed","template":"page-templates\/full.php","meta":[],"yoast_head":"<!-- This site is optimized with the Yoast SEO plugin v20.1 - https:\/\/yoast.com\/wordpress\/plugins\/seo\/ -->\n<title>Apartamento de alquiler en Bidart - Alquiler de villa en Bidart - Villa Itsas Ondoa<\/title>\n<meta name=\"robots\" content=\"index, follow, max-snippet:-1, max-image-preview:large, max-video-preview:-1\" \/>\n<link rel=\"canonical\" href=\"https:\/\/www.villa-itsasondoa.com\/es\/\" \/>\n<meta property=\"og:locale\" content=\"es_ES\" \/>\n<meta property=\"og:type\" content=\"article\" \/>\n<meta property=\"og:title\" content=\"Apartamento de alquiler en Bidart - Alquiler de villa en Bidart - Villa Itsas Ondoa\" \/>\n<meta property=\"og:description\" content=\"[vc_row][vc_column][vc_column_text][rev_slider_vc alias=\u00bbhome-es\u00bb][\/vc_column_text][\/vc_column][\/vc_row][vc_row css=\u00bb.vc_custom_1474286498813{margin-top: 0px !important;}\u00bb][vc_column][vc_column_text css=\u00bb.vc_custom_1474546022664{margin-top: 30px !important;margin-bottom: 50px !important;}\u00bb] [&hellip;]\" \/>\n<meta property=\"og:url\" content=\"https:\/\/www.villa-itsasondoa.com\/es\/\" \/>\n<meta property=\"og:site_name\" content=\"Itsas Ondoa\" \/>\n<meta property=\"article:modified_time\" content=\"2025-12-28T19:05:07+00:00\" \/>\n<meta property=\"og:image\" content=\"https:\/\/www.villa-itsasondoa.com\/wp-content\/uploads\/2021\/07\/logo-bidart-le-vrai.png\" \/>\n<meta name=\"twitter:card\" content=\"summary_large_image\" \/>\n<meta name=\"twitter:label1\" content=\"Tiempo de lectura\" \/>\n\t<meta name=\"twitter:data1\" content=\"3 minutos\" \/>\n<script type=\"application\/ld+json\" class=\"yoast-schema-graph\">{\"@context\":\"https:\/\/schema.org\",\"@graph\":[{\"@type\":\"WebPage\",\"@id\":\"https:\/\/www.villa-itsasondoa.com\/es\/\",\"url\":\"https:\/\/www.villa-itsasondoa.com\/es\/\",\"name\":\"Apartamento de alquiler en Bidart - Alquiler de villa en Bidart - Villa Itsas Ondoa\",\"isPartOf\":{\"@id\":\"https:\/\/www.villa-itsasondoa.com\/#website\"},\"datePublished\":\"2018-01-29T12:41:20+00:00\",\"dateModified\":\"2025-12-28T19:05:07+00:00\",\"breadcrumb\":{\"@id\":\"https:\/\/www.villa-itsasondoa.com\/es\/#breadcrumb\"},\"inLanguage\":\"es\",\"potentialAction\":[{\"@type\":\"ReadAction\",\"target\":[\"https:\/\/www.villa-itsasondoa.com\/es\/\"]}]},{\"@type\":\"BreadcrumbList\",\"@id\":\"https:\/\/www.villa-itsasondoa.com\/es\/#breadcrumb\",\"itemListElement\":[{\"@type\":\"ListItem\",\"position\":1,\"name\":\"Accueil\",\"item\":\"https:\/\/www.villa-itsasondoa.com\/es\/\"},{\"@type\":\"ListItem\",\"position\":2,\"name\":\"Apartamento de alquiler en Bidart &#8211; Alquiler de villa en Bidart\"}]},{\"@type\":\"WebSite\",\"@id\":\"https:\/\/www.villa-itsasondoa.com\/#website\",\"url\":\"https:\/\/www.villa-itsasondoa.com\/\",\"name\":\"Itsas Ondoa\",\"description\":\"\",\"publisher\":{\"@id\":\"https:\/\/www.villa-itsasondoa.com\/#organization\"},\"potentialAction\":[{\"@type\":\"SearchAction\",\"target\":{\"@type\":\"EntryPoint\",\"urlTemplate\":\"https:\/\/www.villa-itsasondoa.com\/?s={search_term_string}\"},\"query-input\":\"required name=search_term_string\"}],\"inLanguage\":\"es\"},{\"@type\":\"Organization\",\"@id\":\"https:\/\/www.villa-itsasondoa.com\/#organization\",\"name\":\"Itsas Ondoa\",\"url\":\"https:\/\/www.villa-itsasondoa.com\/\",\"logo\":{\"@type\":\"ImageObject\",\"inLanguage\":\"es\",\"@id\":\"https:\/\/www.villa-itsasondoa.com\/#\/schema\/logo\/image\/\",\"url\":\"\",\"contentUrl\":\"\",\"caption\":\"Itsas Ondoa\"},\"image\":{\"@id\":\"https:\/\/www.villa-itsasondoa.com\/#\/schema\/logo\/image\/\"}}]}<\/script>\n<!-- \/ Yoast SEO plugin. -->","yoast_head_json":{"title":"Apartamento de alquiler en Bidart - Alquiler de villa en Bidart - Villa Itsas Ondoa","robots":{"index":"index","follow":"follow","max-snippet":"max-snippet:-1","max-image-preview":"max-image-preview:large","max-video-preview":"max-video-preview:-1"},"canonical":"https:\/\/www.villa-itsasondoa.com\/es\/","og_locale":"es_ES","og_type":"article","og_title":"Apartamento de alquiler en Bidart - Alquiler de villa en Bidart - Villa Itsas Ondoa","og_description":"[vc_row][vc_column][vc_column_text][rev_slider_vc alias=\u00bbhome-es\u00bb][\/vc_column_text][\/vc_column][\/vc_row][vc_row css=\u00bb.vc_custom_1474286498813{margin-top: 0px !important;}\u00bb][vc_column][vc_column_text css=\u00bb.vc_custom_1474546022664{margin-top: 30px !important;margin-bottom: 50px !important;}\u00bb] [&hellip;]","og_url":"https:\/\/www.villa-itsasondoa.com\/es\/","og_site_name":"Itsas Ondoa","article_modified_time":"2025-12-28T19:05:07+00:00","og_image":[{"url":"https:\/\/www.villa-itsasondoa.com\/wp-content\/uploads\/2021\/07\/logo-bidart-le-vrai.png"}],"twitter_card":"summary_large_image","twitter_misc":{"Tiempo de lectura":"3 minutos"},"schema":{"@context":"https:\/\/schema.org","@graph":[{"@type":"WebPage","@id":"https:\/\/www.villa-itsasondoa.com\/es\/","url":"https:\/\/www.villa-itsasondoa.com\/es\/","name":"Apartamento de alquiler en Bidart - Alquiler de villa en Bidart - Villa Itsas Ondoa","isPartOf":{"@id":"https:\/\/www.villa-itsasondoa.com\/#website"},"datePublished":"2018-01-29T12:41:20+00:00","dateModified":"2025-12-28T19:05:07+00:00","breadcrumb":{"@id":"https:\/\/www.villa-itsasondoa.com\/es\/#breadcrumb"},"inLanguage":"es","potentialAction":[{"@type":"ReadAction","target":["https:\/\/www.villa-itsasondoa.com\/es\/"]}]},{"@type":"BreadcrumbList","@id":"https:\/\/www.villa-itsasondoa.com\/es\/#breadcrumb","itemListElement":[{"@type":"ListItem","position":1,"name":"Accueil","item":"https:\/\/www.villa-itsasondoa.com\/es\/"},{"@type":"ListItem","position":2,"name":"Apartamento de alquiler en Bidart &#8211; Alquiler de villa en Bidart"}]},{"@type":"WebSite","@id":"https:\/\/www.villa-itsasondoa.com\/#website","url":"https:\/\/www.villa-itsasondoa.com\/","name":"Itsas Ondoa","description":"","publisher":{"@id":"https:\/\/www.villa-itsasondoa.com\/#organization"},"potentialAction":[{"@type":"SearchAction","target":{"@type":"EntryPoint","urlTemplate":"https:\/\/www.villa-itsasondoa.com\/?s={search_term_string}"},"query-input":"required name=search_term_string"}],"inLanguage":"es"},{"@type":"Organization","@id":"https:\/\/www.villa-itsasondoa.com\/#organization","name":"Itsas Ondoa","url":"https:\/\/www.villa-itsasondoa.com\/","logo":{"@type":"ImageObject","inLanguage":"es","@id":"https:\/\/www.villa-itsasondoa.com\/#\/schema\/logo\/image\/","url":"","contentUrl":"","caption":"Itsas Ondoa"},"image":{"@id":"https:\/\/www.villa-itsasondoa.com\/#\/schema\/logo\/image\/"}}]}},"_links":{"self":[{"href":"https:\/\/www.villa-itsasondoa.com\/es\/wp-json\/wp\/v2\/pages\/470"}],"collection":[{"href":"https:\/\/www.villa-itsasondoa.com\/es\/wp-json\/wp\/v2\/pages"}],"about":[{"href":"https:\/\/www.villa-itsasondoa.com\/es\/wp-json\/wp\/v2\/types\/page"}],"author":[{"embeddable":true,"href":"https:\/\/www.villa-itsasondoa.com\/es\/wp-json\/wp\/v2\/users\/1"}],"replies":[{"embeddable":true,"href":"https:\/\/www.villa-itsasondoa.com\/es\/wp-json\/wp\/v2\/comments?post=470"}],"version-history":[{"count":13,"href":"https:\/\/www.villa-itsasondoa.com\/es\/wp-json\/wp\/v2\/pages\/470\/revisions"}],"predecessor-version":[{"id":1017,"href":"https:\/\/www.villa-itsasondoa.com\/es\/wp-json\/wp\/v2\/pages\/470\/revisions\/1017"}],"wp:attachment":[{"href":"https:\/\/www.villa-itsasondoa.com\/es\/wp-json\/wp\/v2\/media?parent=470"}],"curies":[{"name":"wp","href":"https:\/\/api.w.org\/{rel}","templated":true}]}}